{"id":30622,"date":"2026-01-31T11:47:46","date_gmt":"2026-01-31T10:47:46","guid":{"rendered":"https:\/\/etiennefrancey.ch\/?page_id=30622"},"modified":"2026-02-24T16:33:56","modified_gmt":"2026-02-24T15:33:56","slug":"panier","status":"publish","type":"page","link":"https:\/\/etiennefrancey.ch\/en\/panier\/","title":{"rendered":"Panier"},"content":{"rendered":"<div data-elementor-type=\"wp-page\" data-elementor-id=\"30622\" class=\"elementor elementor-30622\" data-elementor-post-type=\"page\">\n\t\t\t\t<div class=\"elementor-element elementor-element-1db964e e-flex e-con-boxed e-con e-parent\" data-id=\"1db964e\" data-element_type=\"container\" data-e-type=\"container\" data-settings=\"{&quot;background_background&quot;:&quot;classic&quot;}\">\n\t\t\t\t\t<div class=\"e-con-inner\">\n\t\t\t\t\t<\/div>\n\t\t\t\t<\/div>\n\t\t\t\t<\/div>","protected":false},"excerpt":{"rendered":"<p>Supprimer l\u2019\u00e9l\u00e9ment Miniature Produit Prix Quantit\u00e9 Sous-total \u00d7 Sans titre, 2026 &#8211; 30x40cm (\u00e9dition de 5), tirage seul 400.00\u00a0CHF quantit\u00e9 de Sans titre, 2026 &#8211; 30x40cm (\u00e9dition de 5), tirage seul 400.00\u00a0CHF \u00d7 Sans titre, 2025 &#8211; 30x40cm (\u00e9dition de 5), tirage encadr\u00e9 800.00\u00a0CHF quantit\u00e9 de Sans titre, 2025 &#8211; 30x40cm (\u00e9dition de 5), tirage [&hellip;]<\/p>\n","protected":false},"author":1,"featured_media":0,"parent":0,"menu_order":0,"comment_status":"closed","ping_status":"closed","template":"elementor_header_footer","meta":{"inline_featured_image":false,"h5ap_radio_sources":[],"footnotes":""},"class_list":["post-30622","page","type-page","status-publish","hentry"],"_links":{"self":[{"href":"https:\/\/etiennefrancey.ch\/en\/wp-json\/wp\/v2\/pages\/30622","targetHints":{"allow":["GET"]}}],"collection":[{"href":"https:\/\/etiennefrancey.ch\/en\/wp-json\/wp\/v2\/pages"}],"about":[{"href":"https:\/\/etiennefrancey.ch\/en\/wp-json\/wp\/v2\/types\/page"}],"author":[{"embeddable":true,"href":"https:\/\/etiennefrancey.ch\/en\/wp-json\/wp\/v2\/users\/1"}],"replies":[{"embeddable":true,"href":"https:\/\/etiennefrancey.ch\/en\/wp-json\/wp\/v2\/comments?post=30622"}],"version-history":[{"count":60,"href":"https:\/\/etiennefrancey.ch\/en\/wp-json\/wp\/v2\/pages\/30622\/revisions"}],"predecessor-version":[{"id":32898,"href":"https:\/\/etiennefrancey.ch\/en\/wp-json\/wp\/v2\/pages\/30622\/revisions\/32898"}],"wp:attachment":[{"href":"https:\/\/etiennefrancey.ch\/en\/wp-json\/wp\/v2\/media?parent=30622"}],"curies":[{"name":"wp","href":"https:\/\/api.w.org\/{rel}","templated":true}]}}